{"id":1054,"date":"2026-02-08T21:29:58","date_gmt":"2026-02-09T02:29:58","guid":{"rendered":"https:\/\/degreessinai.com\/?post_type=product&#038;p=1054"},"modified":"2026-02-08T21:29:58","modified_gmt":"2026-02-09T02:29:58","slug":"llanta-tracto-camion","status":"publish","type":"product","link":"https:\/\/degreessinai.com\/index.php\/product\/llanta-tracto-camion\/","title":{"rendered":"Llanta Tracto-cami\u00f3n"},"content":{"rendered":"<p>Llanta Tracto-cami\u00f3n SUNSET TRANS FleetD2 295-80R22.5 Tracci\u00f3n<\/p>\n","protected":false},"excerpt":{"rendered":"<p>Llanta Tracto-cami\u00f3n SUNSET TRANS FleetD2 295-80R22.5 Tracci\u00f3n<\/p>\n","protected":false},"featured_media":1056,"template":"","meta":[],"product_cat":[27],"product_tag":[],"featured_image_urls":{"full":["https:\/\/degreessinai.com\/wp-content\/uploads\/2026\/02\/IMG-20260207-WA0013.png",1200,1600,false],"thumbnail":["https:\/\/degreessinai.com\/wp-content\/uploads\/2026\/02\/IMG-20260207-WA0013-150x150.png",150,150,true],"medium":["https:\/\/degreessinai.com\/wp-content\/uploads\/2026\/02\/IMG-20260207-WA0013-225x300.png",225,300,true],"medium_large":["https:\/\/degreessinai.com\/wp-content\/uploads\/2026\/02\/IMG-20260207-WA0013-768x1024.png",768,1024,true],"large":["https:\/\/degreessinai.com\/wp-content\/uploads\/2026\/02\/IMG-20260207-WA0013-768x1024.png",768,1024,true],"1536x1536":["https:\/\/degreessinai.com\/wp-content\/uploads\/2026\/02\/IMG-20260207-WA0013-1152x1536.png",1152,1536,true],"2048x2048":["https:\/\/degreessinai.com\/wp-content\/uploads\/2026\/02\/IMG-20260207-WA0013.png",1200,1600,false],"woocommerce_archive_thumbnail":["https:\/\/degreessinai.com\/wp-content\/uploads\/2026\/02\/IMG-20260207-WA0013-500x667.png",500,667,true],"mailpoet_newsletter_max":["https:\/\/degreessinai.com\/wp-content\/uploads\/2026\/02\/IMG-20260207-WA0013.png",1200,1600,false],"woocommerce_thumbnail":["https:\/\/degreessinai.com\/wp-content\/uploads\/2026\/02\/IMG-20260207-WA0013-500x500.png",500,500,true],"woocommerce_single":["https:\/\/degreessinai.com\/wp-content\/uploads\/2026\/02\/IMG-20260207-WA0013-600x800.png",600,800,true],"woocommerce_gallery_thumbnail":["https:\/\/degreessinai.com\/wp-content\/uploads\/2026\/02\/IMG-20260207-WA0013-100x100.png",100,100,true]},"post_excerpt_stackable":"<p>Llanta Tracto-cami\u00f3n SUNSET TRANS FleetD2 295-80R22.5 Tracci\u00f3n<\/p>\n","category_list":"","author_info":{"name":"","url":""},"comments_num":"0 comentarios","jetpack_sharing_enabled":true,"_links":{"self":[{"href":"https:\/\/degreessinai.com\/index.php\/wp-json\/wp\/v2\/product\/1054"}],"collection":[{"href":"https:\/\/degreessinai.com\/index.php\/wp-json\/wp\/v2\/product"}],"about":[{"href":"https:\/\/degreessinai.com\/index.php\/wp-json\/wp\/v2\/types\/product"}],"wp:featuredmedia":[{"embeddable":true,"href":"https:\/\/degreessinai.com\/index.php\/wp-json\/wp\/v2\/media\/1056"}],"wp:attachment":[{"href":"https:\/\/degreessinai.com\/index.php\/wp-json\/wp\/v2\/media?parent=1054"}],"wp:term":[{"taxonomy":"product_cat","embeddable":true,"href":"https:\/\/degreessinai.com\/index.php\/wp-json\/wp\/v2\/product_cat?post=1054"},{"taxonomy":"product_tag","embeddable":true,"href":"https:\/\/degreessinai.com\/index.php\/wp-json\/wp\/v2\/product_tag?post=1054"}],"curies":[{"name":"wp","href":"https:\/\/api.w.org\/{rel}","templated":true}]}}